{"id":3368,"date":"2022-06-18T16:27:35","date_gmt":"2022-06-18T13:27:35","guid":{"rendered":"https:\/\/entrarobot.com.tr\/services\/"},"modified":"2023-03-31T12:42:47","modified_gmt":"2023-03-31T09:42:47","slug":"servisler","status":"publish","type":"page","link":"https:\/\/entrarobot.com.tr\/tr\/servisler\/","title":{"rendered":"Servisler"},"content":{"rendered":"\t\t<div data-elementor-type=\"wp-page\" data-elementor-id=\"3368\" class=\"elementor elementor-3368\">\n\t\t\t\t\t\t<main class=\"elementor-section elementor-top-section elementor-element elementor-element-161da87 elementor-section-boxed elementor-section-height-default elementor-section-height-default\" data-id=\"161da87\" data-element_type=\"section\" data-settings=\"{&quot;background_background&quot;:&quot;classic&quot;}\">\r\n\t\t\t\t\t\t<div class=\"elementor-container elementor-column-gap-thegem\"><div class=\"elementor-row\">\r\n\t\t\t\t\t<div class=\"elementor-column elementor-col-100 elementor-top-column elementor-element elementor-element-a4d9e8d\" data-id=\"a4d9e8d\" data-element_type=\"column\">\n\t\t\t<div class=\"elementor-widget-wrap elementor-element-populated\">\n\t\t\t\t\t\t<div class=\"elementor-element elementor-element-4e5e8fd elementor-widget-divider--view-line flex-horizontal-align-default flex-horizontal-align-tablet-default flex-horizontal-align-mobile-default flex-vertical-align-default flex-vertical-align-tablet-default flex-vertical-align-mobile-default elementor-invisible elementor-widget elementor-widget-divider\" data-id=\"4e5e8fd\" data-element_type=\"widget\" data-settings=\"{&quot;_animation&quot;:&quot;fadeInLeft&quot;}\" data-widget_type=\"divider.default\">\n\t\t\t\t<div class=\"elementor-widget-container\">\n\t\t\t\t\t\t\t<div class=\"elementor-divider\">\n\t\t\t<span class=\"elementor-divider-separator\">\n\t\t\t\t\t\t<\/span>\n\t\t<\/div>\n\t\t\t\t\t\t<\/div>\n\t\t\t\t<\/div>\n\t\t\t\t<div class=\"elementor-element elementor-element-fa6c3ca flex-horizontal-align-default flex-horizontal-align-tablet-default flex-horizontal-align-mobile-default flex-vertical-align-default flex-vertical-align-tablet-default flex-vertical-align-mobile-default elementor-invisible elementor-widget elementor-widget-heading\" data-id=\"fa6c3ca\" data-element_type=\"widget\" data-settings=\"{&quot;_animation&quot;:&quot;fadeInLeft&quot;}\" data-widget_type=\"heading.default\">\n\t\t\t\t<div class=\"elementor-widget-container\">\n\t\t\t\t\t<h2 class=\"elementor-heading-title elementor-size-default\">\u00dcRET\u0130M HATLARI<\/h2>\t\t\t\t<\/div>\n\t\t\t\t<\/div>\n\t\t\t\t<section class=\"elementor-section elementor-inner-section elementor-element elementor-element-e3d81ac elementor-section-boxed elementor-section-height-default elementor-section-height-default\" data-id=\"e3d81ac\" data-element_type=\"section\">\r\n\t\t\t\t\t\t<div class=\"elementor-container elementor-column-gap-thegem\"><div class=\"elementor-row\">\r\n\t\t\t\t\t<div class=\"elementor-column elementor-col-50 elementor-inner-column elementor-element elementor-element-4fda773\" data-id=\"4fda773\" data-element_type=\"column\">\n\t\t\t<div class=\"elementor-widget-wrap elementor-element-populated\">\n\t\t\t\t\t\t<div class=\"elementor-element elementor-element-3541b29 flex-horizontal-align-default flex-horizontal-align-tablet-default flex-horizontal-align-mobile-default flex-vertical-align-default flex-vertical-align-tablet-default flex-vertical-align-mobile-default elementor-invisible elementor-widget elementor-widget-image\" data-id=\"3541b29\" data-element_type=\"widget\" data-settings=\"{&quot;_animation&quot;:&quot;fadeInLeft&quot;}\" data-widget_type=\"image.default\">\n\t\t\t\t<div class=\"elementor-widget-container\">\n\t\t\t\t\t\t\t\t\t\t\t\t\t\t\t<img width=\"1024\" height=\"481\" src=\"https:\/\/entrarobot.com.tr\/wp-content\/uploads\/2022\/07\/transformer-tank-welding-1-1024x481.jpg\" class=\"attachment-large size-large wp-image-4259\" alt=\"\" srcset=\"https:\/\/entrarobot.com.tr\/wp-content\/uploads\/2022\/07\/transformer-tank-welding-1-1024x481.jpg 1024w, https:\/\/entrarobot.com.tr\/wp-content\/uploads\/2022\/07\/transformer-tank-welding-1-300x141.jpg 300w, https:\/\/entrarobot.com.tr\/wp-content\/uploads\/2022\/07\/transformer-tank-welding-1-768x361.jpg 768w, https:\/\/entrarobot.com.tr\/wp-content\/uploads\/2022\/07\/transformer-tank-welding-1-1536x722.jpg 1536w, https:\/\/entrarobot.com.tr\/wp-content\/uploads\/2022\/07\/transformer-tank-welding-1.jpg 1892w\" sizes=\"(max-width: 1024px) 100vw, 1024px\" \/>\t\t\t\t\t\t\t\t\t\t\t\t\t\t\t<\/div>\n\t\t\t\t<\/div>\n\t\t\t\t\t<\/div>\n\t\t<\/div>\n\t\t\t\t<div class=\"elementor-column elementor-col-50 elementor-inner-column elementor-element elementor-element-e9c991b\" data-id=\"e9c991b\" data-element_type=\"column\">\n\t\t\t<div class=\"elementor-widget-wrap elementor-element-populated\">\n\t\t\t\t\t\t<div class=\"elementor-element elementor-element-d79787e flex-horizontal-align-default flex-horizontal-align-tablet-default flex-horizontal-align-mobile-default flex-vertical-align-default flex-vertical-align-tablet-default flex-vertical-align-mobile-default elementor-invisible elementor-widget elementor-widget-text-editor\" data-id=\"d79787e\" data-element_type=\"widget\" data-settings=\"{&quot;_animation&quot;:&quot;fadeInRight&quot;}\" data-widget_type=\"text-editor.default\">\n\t\t\t\t<div class=\"elementor-widget-container\">\n\t\t\t\t\t\t\t\t\t\t\t\t<div class=\"elementor-text-editor elementor-clearfix\">\r\n\t\t\t\t\t\t<p style=\"text-align: left;\">Entra otomotiv ana \u00fcreticilerinde ve yan sanayilerinde par\u00e7alar\u0131n ad\u0131m ad\u0131m ta\u015f\u0131nd\u0131\u011f\u0131 \u00fcretim hatlar\u0131 tasarlar, kurar ve devreye al\u0131r.\u00a0<\/p><p style=\"text-align: left;\">Y\u00fcksek seviye bir m\u00fchendisli\u011fin yan\u0131 s\u0131ra yetkin bir ekip ve g\u00fc\u00e7l\u00fc lojistik gerektiren bu hatlar Entra Robot\u2019un fark katt\u0131\u011f\u0131na inand\u0131\u011f\u0131 uygulama alanlar\u0131d\u0131r.<\/p>\t\t\t\t\t\t\t<\/div>\r\n\t\t\t\t\t\t\t\t\t\t<\/div>\n\t\t\t\t<\/div>\n\t\t\t\t\t<\/div>\n\t\t<\/div>\n\t\t\t\t\t<\/div><\/div>\r\n\t\t<\/section>\r\n\t\t\t\t<div class=\"elementor-element elementor-element-d3665cd elementor-widget-divider--view-line flex-horizontal-align-default flex-horizontal-align-tablet-default flex-horizontal-align-mobile-default flex-vertical-align-default flex-vertical-align-tablet-default flex-vertical-align-mobile-default elementor-invisible elementor-widget elementor-widget-divider\" data-id=\"d3665cd\" data-element_type=\"widget\" data-settings=\"{&quot;_animation&quot;:&quot;fadeInRight&quot;}\" data-widget_type=\"divider.default\">\n\t\t\t\t<div class=\"elementor-widget-container\">\n\t\t\t\t\t\t\t<div class=\"elementor-divider\">\n\t\t\t<span class=\"elementor-divider-separator\">\n\t\t\t\t\t\t<\/span>\n\t\t<\/div>\n\t\t\t\t\t\t<\/div>\n\t\t\t\t<\/div>\n\t\t\t\t<div class=\"elementor-element elementor-element-274ddc6 flex-horizontal-align-default flex-horizontal-align-tablet-default flex-horizontal-align-mobile-default flex-vertical-align-default flex-vertical-align-tablet-default flex-vertical-align-mobile-default elementor-invisible elementor-widget elementor-widget-heading\" data-id=\"274ddc6\" data-element_type=\"widget\" data-settings=\"{&quot;_animation&quot;:&quot;fadeInRight&quot;}\" data-widget_type=\"heading.default\">\n\t\t\t\t<div class=\"elementor-widget-container\">\n\t\t\t\t\t<h2 class=\"elementor-heading-title elementor-size-default\">Robotik H\u00fccreler<\/h2>\t\t\t\t<\/div>\n\t\t\t\t<\/div>\n\t\t\t\t<section class=\"elementor-section elementor-inner-section elementor-element elementor-element-8607009 elementor-section-boxed elementor-section-height-default elementor-section-height-default\" data-id=\"8607009\" data-element_type=\"section\">\r\n\t\t\t\t\t\t<div class=\"elementor-container elementor-column-gap-thegem\"><div class=\"elementor-row\">\r\n\t\t\t\t\t<div class=\"elementor-column elementor-col-50 elementor-inner-column elementor-element elementor-element-c7f9fa0\" data-id=\"c7f9fa0\" data-element_type=\"column\">\n\t\t\t<div class=\"elementor-widget-wrap elementor-element-populated\">\n\t\t\t\t\t\t<div class=\"elementor-element elementor-element-9645689 flex-horizontal-align-default flex-horizontal-align-tablet-default flex-horizontal-align-mobile-default flex-vertical-align-default flex-vertical-align-tablet-default flex-vertical-align-mobile-default elementor-invisible elementor-widget elementor-widget-image\" data-id=\"9645689\" data-element_type=\"widget\" data-settings=\"{&quot;_animation&quot;:&quot;fadeInRight&quot;}\" data-widget_type=\"image.default\">\n\t\t\t\t<div class=\"elementor-widget-container\">\n\t\t\t\t\t\t\t\t\t\t\t\t\t\t\t<img width=\"1024\" height=\"576\" src=\"https:\/\/entrarobot.com.tr\/wp-content\/uploads\/2022\/08\/Entra-Bracket-Welding-Cell-1024x576.jpg\" class=\"attachment-large size-large wp-image-4508\" alt=\"\" srcset=\"https:\/\/entrarobot.com.tr\/wp-content\/uploads\/2022\/08\/Entra-Bracket-Welding-Cell-1024x576.jpg 1024w, https:\/\/entrarobot.com.tr\/wp-content\/uploads\/2022\/08\/Entra-Bracket-Welding-Cell-300x169.jpg 300w, https:\/\/entrarobot.com.tr\/wp-content\/uploads\/2022\/08\/Entra-Bracket-Welding-Cell-768x432.jpg 768w, https:\/\/entrarobot.com.tr\/wp-content\/uploads\/2022\/08\/Entra-Bracket-Welding-Cell-1536x864.jpg 1536w, https:\/\/entrarobot.com.tr\/wp-content\/uploads\/2022\/08\/Entra-Bracket-Welding-Cell-2048x1152.jpg 2048w\" sizes=\"(max-width: 1024px) 100vw, 1024px\" \/>\t\t\t\t\t\t\t\t\t\t\t\t\t\t\t<\/div>\n\t\t\t\t<\/div>\n\t\t\t\t\t<\/div>\n\t\t<\/div>\n\t\t\t\t<div class=\"elementor-column elementor-col-50 elementor-inner-column elementor-element elementor-element-bcd58be\" data-id=\"bcd58be\" data-element_type=\"column\">\n\t\t\t<div class=\"elementor-widget-wrap elementor-element-populated\">\n\t\t\t\t\t\t<div class=\"elementor-element elementor-element-b3e52c1 flex-horizontal-align-default flex-horizontal-align-tablet-default flex-horizontal-align-mobile-default flex-vertical-align-default flex-vertical-align-tablet-default flex-vertical-align-mobile-default elementor-invisible elementor-widget elementor-widget-text-editor\" data-id=\"b3e52c1\" data-element_type=\"widget\" data-settings=\"{&quot;_animation&quot;:&quot;fadeInLeft&quot;}\" data-widget_type=\"text-editor.default\">\n\t\t\t\t<div class=\"elementor-widget-container\">\n\t\t\t\t\t\t\t\t\t\t\t\t<div class=\"elementor-text-editor elementor-clearfix\">\r\n\t\t\t\t\t\t<p style=\"text-align: left;\">Entra Robot i\u015fin gereklilikleri, m\u00fc\u015fterinin ihtiyac\u0131, \u00e7evresel \u015fartlar ve i\u015f g\u00fcvenli\u011fi gibi t\u00fcm parametreleri g\u00f6z \u00f6n\u00fcne alarak robotlu \u00fcretim h\u00fccreleri imal eder ve devreye al\u0131r.\u00a0<\/p><p style=\"text-align: left;\">Hemen hemen her i\u015fe uygun bir h\u00fccre mimarisini tasar\u0131m k\u00fct\u00fcphanesinden se\u00e7mek m\u00fcmk\u00fcnd\u00fcr. Yine de gerekti\u011finde i\u015fe \u00f6zel yeni bir h\u00fccre yap\u0131s\u0131 tasar\u0131m s\u00fcrecine sokulur.<\/p>\t\t\t\t\t\t\t<\/div>\r\n\t\t\t\t\t\t\t\t\t\t<\/div>\n\t\t\t\t<\/div>\n\t\t\t\t\t<\/div>\n\t\t<\/div>\n\t\t\t\t\t<\/div><\/div>\r\n\t\t<\/section>\r\n\t\t\t\t<div class=\"elementor-element elementor-element-8c63ed3 elementor-widget-divider--view-line flex-horizontal-align-default flex-horizontal-align-tablet-default flex-horizontal-align-mobile-default flex-vertical-align-default flex-vertical-align-tablet-default flex-vertical-align-mobile-default elementor-invisible elementor-widget elementor-widget-divider\" data-id=\"8c63ed3\" data-element_type=\"widget\" data-settings=\"{&quot;_animation&quot;:&quot;fadeInLeft&quot;}\" data-widget_type=\"divider.default\">\n\t\t\t\t<div class=\"elementor-widget-container\">\n\t\t\t\t\t\t\t<div class=\"elementor-divider\">\n\t\t\t<span class=\"elementor-divider-separator\">\n\t\t\t\t\t\t<\/span>\n\t\t<\/div>\n\t\t\t\t\t\t<\/div>\n\t\t\t\t<\/div>\n\t\t\t\t<div class=\"elementor-element elementor-element-1a2e779 flex-horizontal-align-default flex-horizontal-align-tablet-default flex-horizontal-align-mobile-default flex-vertical-align-default flex-vertical-align-tablet-default flex-vertical-align-mobile-default elementor-invisible elementor-widget elementor-widget-heading\" data-id=\"1a2e779\" data-element_type=\"widget\" data-settings=\"{&quot;_animation&quot;:&quot;fadeInLeft&quot;}\" data-widget_type=\"heading.default\">\n\t\t\t\t<div class=\"elementor-widget-container\">\n\t\t\t\t\t<h2 class=\"elementor-heading-title elementor-size-default\">Fikst\u00fcr ve Sistem Tasar\u0131m\u0131<\/h2>\t\t\t\t<\/div>\n\t\t\t\t<\/div>\n\t\t\t\t<section class=\"elementor-section elementor-inner-section elementor-element elementor-element-c0a6539 elementor-section-boxed elementor-section-height-default elementor-section-height-default\" data-id=\"c0a6539\" data-element_type=\"section\">\r\n\t\t\t\t\t\t<div class=\"elementor-container elementor-column-gap-thegem\"><div class=\"elementor-row\">\r\n\t\t\t\t\t<div class=\"elementor-column elementor-col-50 elementor-inner-column elementor-element elementor-element-15d055b\" data-id=\"15d055b\" data-element_type=\"column\">\n\t\t\t<div class=\"elementor-widget-wrap elementor-element-populated\">\n\t\t\t\t\t\t<div class=\"elementor-element elementor-element-491567d flex-horizontal-align-default flex-horizontal-align-tablet-default flex-horizontal-align-mobile-default flex-vertical-align-default flex-vertical-align-tablet-default flex-vertical-align-mobile-default elementor-invisible elementor-widget elementor-widget-image\" data-id=\"491567d\" data-element_type=\"widget\" data-settings=\"{&quot;_animation&quot;:&quot;fadeInLeft&quot;}\" data-widget_type=\"image.default\">\n\t\t\t\t<div class=\"elementor-widget-container\">\n\t\t\t\t\t\t\t\t\t\t\t\t\t\t\t<img width=\"1024\" height=\"485\" src=\"https:\/\/entrarobot.com.tr\/wp-content\/uploads\/2022\/07\/scaffolding-welding-1-1024x485.jpg\" class=\"attachment-large size-large wp-image-4266\" alt=\"\" srcset=\"https:\/\/entrarobot.com.tr\/wp-content\/uploads\/2022\/07\/scaffolding-welding-1-1024x485.jpg 1024w, https:\/\/entrarobot.com.tr\/wp-content\/uploads\/2022\/07\/scaffolding-welding-1-300x142.jpg 300w, https:\/\/entrarobot.com.tr\/wp-content\/uploads\/2022\/07\/scaffolding-welding-1-768x364.jpg 768w, https:\/\/entrarobot.com.tr\/wp-content\/uploads\/2022\/07\/scaffolding-welding-1-1536x728.jpg 1536w, https:\/\/entrarobot.com.tr\/wp-content\/uploads\/2022\/07\/scaffolding-welding-1.jpg 1903w\" sizes=\"(max-width: 1024px) 100vw, 1024px\" \/>\t\t\t\t\t\t\t\t\t\t\t\t\t\t\t<\/div>\n\t\t\t\t<\/div>\n\t\t\t\t\t<\/div>\n\t\t<\/div>\n\t\t\t\t<div class=\"elementor-column elementor-col-50 elementor-inner-column elementor-element elementor-element-2f896b7\" data-id=\"2f896b7\" data-element_type=\"column\">\n\t\t\t<div class=\"elementor-widget-wrap elementor-element-populated\">\n\t\t\t\t\t\t<div class=\"elementor-element elementor-element-bd700a3 flex-horizontal-align-default flex-horizontal-align-tablet-default flex-horizontal-align-mobile-default flex-vertical-align-default flex-vertical-align-tablet-default flex-vertical-align-mobile-default elementor-invisible elementor-widget elementor-widget-text-editor\" data-id=\"bd700a3\" data-element_type=\"widget\" data-settings=\"{&quot;_animation&quot;:&quot;fadeInRight&quot;}\" data-widget_type=\"text-editor.default\">\n\t\t\t\t<div class=\"elementor-widget-container\">\n\t\t\t\t\t\t\t\t\t\t\t\t<div class=\"elementor-text-editor elementor-clearfix\">\r\n\t\t\t\t\t\t<p style=\"text-align: left;\">Bir sistemin h\u0131zl\u0131 bir \u015fekilde devreye al\u0131nmas\u0131 ve verimli \u00e7al\u0131\u015fmas\u0131 \u00f6ncesindeki tasar\u0131m\u0131n hatas\u0131z olarak yap\u0131lmas\u0131na ba\u011fl\u0131d\u0131r.\u00a0<\/p><p style=\"text-align: left;\">Senelerin getirdi\u011fi tecr\u00fcbe ile Entra sistem ve proses ak\u0131\u015flar\u0131n\u0131 do\u011fru kurgular, sim\u00fclasyon ile do\u011frular, en karma\u015f\u0131k gazalt\u0131 ve punta kayna\u011f\u0131 uygulamalar\u0131 i\u00e7in fikst\u00fcr tasar\u0131mlar\u0131n\u0131 ger\u00e7ekler. \u00dcr\u00fcn ak\u0131\u015f\u0131n\u0131n otomatize edildi\u011fi \u00fcretim hatlar\u0131 kurar.<\/p>\t\t\t\t\t\t\t<\/div>\r\n\t\t\t\t\t\t\t\t\t\t<\/div>\n\t\t\t\t<\/div>\n\t\t\t\t\t<\/div>\n\t\t<\/div>\n\t\t\t\t\t<\/div><\/div>\r\n\t\t<\/section>\r\n\t\t\t\t<div class=\"elementor-element elementor-element-26bd311 elementor-widget-divider--view-line flex-horizontal-align-default flex-horizontal-align-tablet-default flex-horizontal-align-mobile-default flex-vertical-align-default flex-vertical-align-tablet-default flex-vertical-align-mobile-default elementor-invisible elementor-widget elementor-widget-divider\" data-id=\"26bd311\" data-element_type=\"widget\" data-settings=\"{&quot;_animation&quot;:&quot;fadeInRight&quot;}\" data-widget_type=\"divider.default\">\n\t\t\t\t<div class=\"elementor-widget-container\">\n\t\t\t\t\t\t\t<div class=\"elementor-divider\">\n\t\t\t<span class=\"elementor-divider-separator\">\n\t\t\t\t\t\t<\/span>\n\t\t<\/div>\n\t\t\t\t\t\t<\/div>\n\t\t\t\t<\/div>\n\t\t\t\t<div class=\"elementor-element elementor-element-0a7ff7e flex-horizontal-align-default flex-horizontal-align-tablet-default flex-horizontal-align-mobile-default flex-vertical-align-default flex-vertical-align-tablet-default flex-vertical-align-mobile-default elementor-invisible elementor-widget elementor-widget-heading\" data-id=\"0a7ff7e\" data-element_type=\"widget\" data-settings=\"{&quot;_animation&quot;:&quot;fadeInRight&quot;}\" data-widget_type=\"heading.default\">\n\t\t\t\t<div class=\"elementor-widget-container\">\n\t\t\t\t\t<h2 class=\"elementor-heading-title elementor-size-default\">\u00c7EVRE B\u0130R\u0130MLER\u0130<\/h2>\t\t\t\t<\/div>\n\t\t\t\t<\/div>\n\t\t\t\t<section class=\"elementor-section elementor-inner-section elementor-element elementor-element-1b063c8 elementor-section-boxed elementor-section-height-default elementor-section-height-default\" data-id=\"1b063c8\" data-element_type=\"section\">\r\n\t\t\t\t\t\t<div class=\"elementor-container elementor-column-gap-thegem\"><div class=\"elementor-row\">\r\n\t\t\t\t\t<div class=\"elementor-column elementor-col-50 elementor-inner-column elementor-element elementor-element-e1f6e4e\" data-id=\"e1f6e4e\" data-element_type=\"column\">\n\t\t\t<div class=\"elementor-widget-wrap elementor-element-populated\">\n\t\t\t\t\t\t<div class=\"elementor-element elementor-element-5864b99 flex-horizontal-align-default flex-horizontal-align-tablet-default flex-horizontal-align-mobile-default flex-vertical-align-default flex-vertical-align-tablet-default flex-vertical-align-mobile-default elementor-invisible elementor-widget elementor-widget-image\" data-id=\"5864b99\" data-element_type=\"widget\" data-settings=\"{&quot;_animation&quot;:&quot;fadeInRight&quot;}\" data-widget_type=\"image.default\">\n\t\t\t\t<div class=\"elementor-widget-container\">\n\t\t\t\t\t\t\t\t\t\t\t\t\t\t\t<img width=\"1024\" height=\"592\" src=\"https:\/\/entrarobot.com.tr\/wp-content\/uploads\/2022\/06\/entra-image-2-1024x592.png\" class=\"attachment-large size-large wp-image-3077\" alt=\"\" srcset=\"https:\/\/entrarobot.com.tr\/wp-content\/uploads\/2022\/06\/entra-image-2-1024x592.png 1024w, https:\/\/entrarobot.com.tr\/wp-content\/uploads\/2022\/06\/entra-image-2-300x174.png 300w, https:\/\/entrarobot.com.tr\/wp-content\/uploads\/2022\/06\/entra-image-2-768x444.png 768w, https:\/\/entrarobot.com.tr\/wp-content\/uploads\/2022\/06\/entra-image-2-1536x889.png 1536w, https:\/\/entrarobot.com.tr\/wp-content\/uploads\/2022\/06\/entra-image-2.png 1694w\" sizes=\"(max-width: 1024px) 100vw, 1024px\" \/>\t\t\t\t\t\t\t\t\t\t\t\t\t\t\t<\/div>\n\t\t\t\t<\/div>\n\t\t\t\t\t<\/div>\n\t\t<\/div>\n\t\t\t\t<div class=\"elementor-column elementor-col-50 elementor-inner-column elementor-element elementor-element-03a7a70\" data-id=\"03a7a70\" data-element_type=\"column\">\n\t\t\t<div class=\"elementor-widget-wrap elementor-element-populated\">\n\t\t\t\t\t\t<div class=\"elementor-element elementor-element-0080011 flex-horizontal-align-default flex-horizontal-align-tablet-default flex-horizontal-align-mobile-default flex-vertical-align-default flex-vertical-align-tablet-default flex-vertical-align-mobile-default elementor-invisible elementor-widget elementor-widget-text-editor\" data-id=\"0080011\" data-element_type=\"widget\" data-settings=\"{&quot;_animation&quot;:&quot;fadeInLeft&quot;}\" data-widget_type=\"text-editor.default\">\n\t\t\t\t<div class=\"elementor-widget-container\">\n\t\t\t\t\t\t\t\t\t\t\t\t<div class=\"elementor-text-editor elementor-clearfix\">\r\n\t\t\t\t\t\t<p style=\"text-align: left;\">Proses, eri\u015fim veya verimlilik i\u00e7in par\u00e7an\u0131n veya robotun hareketlendirilmesi gerekti\u011fi durumlarda Entra standart \u00fcr\u00fcn k\u00fct\u00fcphanesinden uygun slider, pozisyoner, d\u00f6ner tabla, gantry ve h\u00fccre tasar\u0131mlar\u0131n\u0131 kullan\u0131r.\u00a0<\/p><p style=\"text-align: left;\">Y\u00fcksek pozisyonlama hassasiyeti ile i\u015fe uygun ta\u015f\u0131ma kapasitesi ve h\u0131za sahip \u00e7evre birimleri robotik kaynak uygulamalar\u0131n\u0131n ayr\u0131lmaz bir par\u00e7as\u0131d\u0131r.<\/p>\t\t\t\t\t\t\t<\/div>\r\n\t\t\t\t\t\t\t\t\t\t<\/div>\n\t\t\t\t<\/div>\n\t\t\t\t\t<\/div>\n\t\t<\/div>\n\t\t\t\t\t<\/div><\/div>\r\n\t\t<\/section>\r\n\t\t\t\t<div class=\"elementor-element elementor-element-983a816 elementor-widget-divider--view-line flex-horizontal-align-default flex-horizontal-align-tablet-default flex-horizontal-align-mobile-default flex-vertical-align-default flex-vertical-align-tablet-default flex-vertical-align-mobile-default elementor-invisible elementor-widget elementor-widget-divider\" data-id=\"983a816\" data-element_type=\"widget\" data-settings=\"{&quot;_animation&quot;:&quot;fadeInLeft&quot;}\" data-widget_type=\"divider.default\">\n\t\t\t\t<div class=\"elementor-widget-container\">\n\t\t\t\t\t\t\t<div class=\"elementor-divider\">\n\t\t\t<span class=\"elementor-divider-separator\">\n\t\t\t\t\t\t<\/span>\n\t\t<\/div>\n\t\t\t\t\t\t<\/div>\n\t\t\t\t<\/div>\n\t\t\t\t<div class=\"elementor-element elementor-element-614c061 flex-horizontal-align-default flex-horizontal-align-tablet-default flex-horizontal-align-mobile-default flex-vertical-align-default flex-vertical-align-tablet-default flex-vertical-align-mobile-default elementor-invisible elementor-widget elementor-widget-heading\" data-id=\"614c061\" data-element_type=\"widget\" data-settings=\"{&quot;_animation&quot;:&quot;fadeInRight&quot;}\" data-widget_type=\"heading.default\">\n\t\t\t\t<div class=\"elementor-widget-container\">\n\t\t\t\t\t<h2 class=\"elementor-heading-title elementor-size-default\">Otomasyon<\/h2>\t\t\t\t<\/div>\n\t\t\t\t<\/div>\n\t\t\t\t<section class=\"elementor-section elementor-inner-section elementor-element elementor-element-1877a58 elementor-section-boxed elementor-section-height-default elementor-section-height-default\" data-id=\"1877a58\" data-element_type=\"section\">\r\n\t\t\t\t\t\t<div class=\"elementor-container elementor-column-gap-thegem\"><div class=\"elementor-row\">\r\n\t\t\t\t\t<div class=\"elementor-column elementor-col-50 elementor-inner-column elementor-element elementor-element-73397f8\" data-id=\"73397f8\" data-element_type=\"column\">\n\t\t\t<div class=\"elementor-widget-wrap elementor-element-populated\">\n\t\t\t\t\t\t<div class=\"elementor-element elementor-element-8021849 flex-horizontal-align-default flex-horizontal-align-tablet-default flex-horizontal-align-mobile-default flex-vertical-align-default flex-vertical-align-tablet-default flex-vertical-align-mobile-default elementor-invisible elementor-widget elementor-widget-image\" data-id=\"8021849\" data-element_type=\"widget\" data-settings=\"{&quot;_animation&quot;:&quot;fadeInLeft&quot;}\" data-widget_type=\"image.default\">\n\t\t\t\t<div class=\"elementor-widget-container\">\n\t\t\t\t\t\t\t\t\t\t\t\t\t\t\t<img width=\"679\" height=\"344\" src=\"https:\/\/entrarobot.com.tr\/wp-content\/uploads\/2022\/06\/uretim_hatlari.jpg\" class=\"attachment-large size-large wp-image-2825\" alt=\"\" srcset=\"https:\/\/entrarobot.com.tr\/wp-content\/uploads\/2022\/06\/uretim_hatlari.jpg 679w, https:\/\/entrarobot.com.tr\/wp-content\/uploads\/2022\/06\/uretim_hatlari-300x152.jpg 300w\" sizes=\"(max-width: 679px) 100vw, 679px\" \/>\t\t\t\t\t\t\t\t\t\t\t\t\t\t\t<\/div>\n\t\t\t\t<\/div>\n\t\t\t\t\t<\/div>\n\t\t<\/div>\n\t\t\t\t<div class=\"elementor-column elementor-col-50 elementor-inner-column elementor-element elementor-element-8bbdb6a\" data-id=\"8bbdb6a\" data-element_type=\"column\">\n\t\t\t<div class=\"elementor-widget-wrap elementor-element-populated\">\n\t\t\t\t\t\t<div class=\"elementor-element elementor-element-1dccbe5 flex-horizontal-align-default flex-horizontal-align-tablet-default flex-horizontal-align-mobile-default flex-vertical-align-default flex-vertical-align-tablet-default flex-vertical-align-mobile-default elementor-invisible elementor-widget elementor-widget-text-editor\" data-id=\"1dccbe5\" data-element_type=\"widget\" data-settings=\"{&quot;_animation&quot;:&quot;fadeInLeft&quot;}\" data-widget_type=\"text-editor.default\">\n\t\t\t\t<div class=\"elementor-widget-container\">\n\t\t\t\t\t\t\t\t\t\t\t\t<div class=\"elementor-text-editor elementor-clearfix\">\r\n\t\t\t\t\t\t<p style=\"text-align: left;\">Y\u00fcksek d\u00fczeyde PLC Otomasyon m\u00fchendisli\u011fi.<br \/>Karma\u015f\u0131k kontrol sistemi mimarisinin tasar\u0131m\u0131.<br \/>Sistem tasar\u0131m\u0131 s\u0131ras\u0131nda t\u00fcm g\u00fcvenlik gereksinimlerinin dikkate al\u0131nmas\u0131.<\/p>\t\t\t\t\t\t\t<\/div>\r\n\t\t\t\t\t\t\t\t\t\t<\/div>\n\t\t\t\t<\/div>\n\t\t\t\t\t<\/div>\n\t\t<\/div>\n\t\t\t\t\t<\/div><\/div>\r\n\t\t<\/section>\r\n\t\t\t\t\t<\/div>\n\t\t<\/div>\n\t\t\t\t\t<\/div><\/div>\r\n\t\t<\/main>\r\n\t\t\t\t<\/div>\n\t\t","protected":false},"excerpt":{"rendered":"<p>\u00dcRET\u0130M HATLARI Entra otomotiv ana \u00fcreticilerinde ve yan sanayilerinde par\u00e7alar\u0131n ad\u0131m ad\u0131m ta\u015f\u0131nd\u0131\u011f\u0131 \u00fcretim hatlar\u0131 tasarlar, kurar ve devreye al\u0131r.\u00a0&#8230;<\/p>\n","protected":false},"author":1,"featured_media":0,"parent":0,"menu_order":3,"comment_status":"closed","ping_status":"closed","template":"page-fullwidth.php","meta":{"footnotes":""},"class_list":["post-3368","page","type-page","status-publish"],"_links":{"self":[{"href":"https:\/\/entrarobot.com.tr\/tr\/wp-json\/wp\/v2\/pages\/3368","targetHints":{"allow":["GET"]}}],"collection":[{"href":"https:\/\/entrarobot.com.tr\/tr\/wp-json\/wp\/v2\/pages"}],"about":[{"href":"https:\/\/entrarobot.com.tr\/tr\/wp-json\/wp\/v2\/types\/page"}],"author":[{"embeddable":true,"href":"https:\/\/entrarobot.com.tr\/tr\/wp-json\/wp\/v2\/users\/1"}],"replies":[{"embeddable":true,"href":"https:\/\/entrarobot.com.tr\/tr\/wp-json\/wp\/v2\/comments?post=3368"}],"version-history":[{"count":27,"href":"https:\/\/entrarobot.com.tr\/tr\/wp-json\/wp\/v2\/pages\/3368\/revisions"}],"predecessor-version":[{"id":7383,"href":"https:\/\/entrarobot.com.tr\/tr\/wp-json\/wp\/v2\/pages\/3368\/revisions\/7383"}],"wp:attachment":[{"href":"https:\/\/entrarobot.com.tr\/tr\/wp-json\/wp\/v2\/media?parent=3368"}],"curies":[{"name":"wp","href":"https:\/\/api.w.org\/{rel}","templated":true}]}}