{"id":3369,"date":"2019-01-18T15:45:35","date_gmt":"2019-01-18T12:45:35","guid":{"rendered":"https:\/\/entrarobot.com.tr\/applications\/"},"modified":"2025-09-30T10:22:46","modified_gmt":"2025-09-30T07:22:46","slug":"uygulamalar","status":"publish","type":"page","link":"https:\/\/entrarobot.com.tr\/tr\/uygulamalar\/","title":{"rendered":"Uygulamalar"},"content":{"rendered":"\t\t<div data-elementor-type=\"wp-page\" data-elementor-id=\"3369\" class=\"elementor elementor-3369\">\n\t\t\t\t\t\t<section class=\"elementor-section elementor-top-section elementor-element elementor-element-466ba21 elementor-section-full_width elementor-section-height-default elementor-section-height-default\" data-id=\"466ba21\" data-element_type=\"section\" data-settings=\"{&quot;background_background&quot;:&quot;classic&quot;}\">\r\n\t\t\t\t\t\t<div class=\"elementor-container elementor-column-gap-thegem\"><div class=\"elementor-row\">\r\n\t\t\t\t\t<div class=\"elementor-column elementor-col-100 elementor-top-column elementor-element elementor-element-ec20d90\" data-id=\"ec20d90\" data-element_type=\"column\">\n\t\t\t<div class=\"elementor-widget-wrap elementor-element-populated\">\n\t\t\t\t\t\t<div class=\"elementor-element elementor-element-3bf4612 animated-fast flex-horizontal-align-default flex-horizontal-align-tablet-default flex-horizontal-align-mobile-default flex-vertical-align-default flex-vertical-align-tablet-default flex-vertical-align-mobile-default elementor-invisible elementor-widget elementor-widget-heading\" data-id=\"3bf4612\" data-element_type=\"widget\" data-settings=\"{&quot;_animation&quot;:&quot;fadeInUp&quot;}\" data-widget_type=\"heading.default\">\n\t\t\t\t<div class=\"elementor-widget-container\">\n\t\t\t\t\t<div class=\"title-h1 elementor-heading-title elementor-size-default\">UYGULAMALAR<\/div>\t\t\t\t<\/div>\n\t\t\t\t<\/div>\n\t\t\t\t<div class=\"elementor-element elementor-element-f70dac4 animated-slow elementor-widget-divider--view-line flex-horizontal-align-default flex-horizontal-align-tablet-default flex-horizontal-align-mobile-default flex-vertical-align-default flex-vertical-align-tablet-default flex-vertical-align-mobile-default elementor-invisible elementor-widget elementor-widget-divider\" data-id=\"f70dac4\" data-element_type=\"widget\" data-settings=\"{&quot;_animation&quot;:&quot;fadeInUp&quot;}\" data-widget_type=\"divider.default\">\n\t\t\t\t<div class=\"elementor-widget-container\">\n\t\t\t\t\t\t\t<div class=\"elementor-divider\">\n\t\t\t<span class=\"elementor-divider-separator\">\n\t\t\t\t\t\t<\/span>\n\t\t<\/div>\n\t\t\t\t\t\t<\/div>\n\t\t\t\t<\/div>\n\t\t\t\t<section class=\"elementor-section elementor-inner-section elementor-element elementor-element-b68f66f elementor-section-full_width elementor-section-height-default elementor-section-height-default\" data-id=\"b68f66f\" data-element_type=\"section\">\r\n\t\t\t\t\t\t<div class=\"elementor-container elementor-column-gap-thegem\"><div class=\"elementor-row\">\r\n\t\t\t\t\t<div class=\"elementor-column elementor-col-20 elementor-inner-column elementor-element elementor-element-5c658a8 animated-slow elementor-invisible\" data-id=\"5c658a8\" data-element_type=\"column\" data-settings=\"{&quot;background_background&quot;:&quot;classic&quot;,&quot;animation&quot;:&quot;fadeInLeft&quot;,&quot;animation_mobile&quot;:&quot;fadeInUp&quot;}\">\n\t\t\t<div class=\"elementor-widget-wrap elementor-element-populated\">\n\t\t\t\t\t\t<div class=\"elementor-element elementor-element-58b29b3 flex-horizontal-align-default flex-horizontal-align-tablet-default flex-horizontal-align-mobile-default flex-vertical-align-default flex-vertical-align-tablet-default flex-vertical-align-mobile-default elementor-widget elementor-widget-image\" data-id=\"58b29b3\" data-element_type=\"widget\" data-widget_type=\"image.default\">\n\t\t\t\t<div class=\"elementor-widget-container\">\n\t\t\t\t\t\t\t\t\t\t\t\t\t\t\t<img width=\"1024\" height=\"1024\" src=\"https:\/\/entrarobot.com.tr\/wp-content\/uploads\/2022\/06\/arc-welding-1024x1024.png\" class=\"attachment-large size-large wp-image-2976\" alt=\"\" srcset=\"https:\/\/entrarobot.com.tr\/wp-content\/uploads\/2022\/06\/arc-welding-1024x1024.png 1024w, https:\/\/entrarobot.com.tr\/wp-content\/uploads\/2022\/06\/arc-welding-300x300.png 300w, https:\/\/entrarobot.com.tr\/wp-content\/uploads\/2022\/06\/arc-welding-150x150.png 150w, https:\/\/entrarobot.com.tr\/wp-content\/uploads\/2022\/06\/arc-welding-768x768.png 768w, https:\/\/entrarobot.com.tr\/wp-content\/uploads\/2022\/06\/arc-welding-256x256.png 256w, https:\/\/entrarobot.com.tr\/wp-content\/uploads\/2022\/06\/arc-welding.png 1080w\" sizes=\"(max-width: 1024px) 100vw, 1024px\" \/>\t\t\t\t\t\t\t\t\t\t\t\t\t\t\t<\/div>\n\t\t\t\t<\/div>\n\t\t\t\t<div class=\"elementor-element elementor-element-aa9b875 flex-horizontal-align-default flex-horizontal-align-tablet-default flex-horizontal-align-mobile-default flex-vertical-align-default flex-vertical-align-tablet-default flex-vertical-align-mobile-default elementor-widget elementor-widget-thegem-quickfinders\" data-id=\"aa9b875\" data-element_type=\"widget\" data-settings=\"{&quot;thegem_elementor_preset&quot;:&quot;grid-basic-centered&quot;}\" data-widget_type=\"thegem-quickfinders.default\">\n\t\t\t\t<div class=\"elementor-widget-container\">\n\t\t\t\t\t\n<div class=\"quickfinder row inline-row quickfinder-style-grid-basic-centered\">\n\t\t\t<div class=\"lazy-loading  quickfinder-item inline-column col-md-12 col-sm-6 col-xs-12 no-gap\">\n\n\t\t\t\n\t\t\t\t<div class=\"quickfinder-item-inner icon-top icon-wrapping-none centered-box button-bottom lazy-loading-item\" data-ll-effect=\"fading\" data-ll-item-delay=\"200\"> \n\n\t\t\t\t\t\n\t\t\t\t\t<div class=\"quickfinder-item-info-wrapper\"> \n\t\t\t\t\t\t<div class=\"quickfinder-item-info lazy-loading-item\" data-ll-effect=\"fading\" data-ll-item-delay=\"200\">\n\t\n\t\t<h4 class=\"quickfinder-title title-h4 bold\">\n\t\t\tARK KAYNA\u011eI\t\t<\/h4>\n\t\n\t\n\t\t<div class=\"quickfinder-description gem-text-output\">\n\t\t\t<p>Entra, al\u00fcminyum, paslanmaz \u00e7elik ve ince saclar\u0131 kaynatmak i\u00e7in do\u011fru ekipman\u0131 se\u00e7er.<\/p>\t\t<\/div>\n\t\n\t<\/div>\t\t\t\t\t<\/div>\n\n\t\t\t\t\t\t<a href=\"https:\/\/entrarobot.com.tr\/tr\/ark-kaynagi\/\" class=\"quickfinder-item-link\"><\/a>\n\n\t\t\t\t<\/div>\n\n\t\t\t\t\t<\/div>\n\t<\/div>\n\t\t\t\t<\/div>\n\t\t\t\t<\/div>\n\t\t\t\t\t<\/div>\n\t\t<\/div>\n\t\t\t\t<div class=\"elementor-column elementor-col-20 elementor-inner-column elementor-element elementor-element-aa0290b elementor-invisible\" data-id=\"aa0290b\" data-element_type=\"column\" data-settings=\"{&quot;animation&quot;:&quot;fadeInLeft&quot;,&quot;animation_mobile&quot;:&quot;fadeInUp&quot;}\">\n\t\t\t<div class=\"elementor-widget-wrap elementor-element-populated\">\n\t\t\t\t\t\t<div class=\"elementor-element elementor-element-5347814 flex-horizontal-align-default flex-horizontal-align-tablet-default flex-horizontal-align-mobile-default flex-vertical-align-default flex-vertical-align-tablet-default flex-vertical-align-mobile-default elementor-widget elementor-widget-image\" data-id=\"5347814\" data-element_type=\"widget\" data-widget_type=\"image.default\">\n\t\t\t\t<div class=\"elementor-widget-container\">\n\t\t\t\t\t\t\t\t\t\t\t\t\t\t\t<img width=\"1024\" height=\"1024\" src=\"https:\/\/entrarobot.com.tr\/wp-content\/uploads\/2022\/06\/spot-projection-welding-1024x1024.png\" class=\"attachment-large size-large wp-image-2980\" alt=\"\" srcset=\"https:\/\/entrarobot.com.tr\/wp-content\/uploads\/2022\/06\/spot-projection-welding-1024x1024.png 1024w, https:\/\/entrarobot.com.tr\/wp-content\/uploads\/2022\/06\/spot-projection-welding-300x300.png 300w, https:\/\/entrarobot.com.tr\/wp-content\/uploads\/2022\/06\/spot-projection-welding-150x150.png 150w, https:\/\/entrarobot.com.tr\/wp-content\/uploads\/2022\/06\/spot-projection-welding-768x768.png 768w, https:\/\/entrarobot.com.tr\/wp-content\/uploads\/2022\/06\/spot-projection-welding-256x256.png 256w, https:\/\/entrarobot.com.tr\/wp-content\/uploads\/2022\/06\/spot-projection-welding.png 1080w\" sizes=\"(max-width: 1024px) 100vw, 1024px\" \/>\t\t\t\t\t\t\t\t\t\t\t\t\t\t\t<\/div>\n\t\t\t\t<\/div>\n\t\t\t\t<div class=\"elementor-element elementor-element-8421c47 flex-horizontal-align-default flex-horizontal-align-tablet-default flex-horizontal-align-mobile-default flex-vertical-align-default flex-vertical-align-tablet-default flex-vertical-align-mobile-default elementor-widget elementor-widget-thegem-quickfinders\" data-id=\"8421c47\" data-element_type=\"widget\" data-settings=\"{&quot;thegem_elementor_preset&quot;:&quot;grid-basic-centered&quot;}\" data-widget_type=\"thegem-quickfinders.default\">\n\t\t\t\t<div class=\"elementor-widget-container\">\n\t\t\t\t\t\n<div class=\"quickfinder row inline-row quickfinder-style-grid-basic-centered\">\n\t\t\t<div class=\"lazy-loading  quickfinder-item inline-column col-md-12 col-sm-6 col-xs-12 no-gap\">\n\n\t\t\t\n\t\t\t\t<div class=\"quickfinder-item-inner icon-top icon-wrapping-none centered-box button-bottom lazy-loading-item\" data-ll-effect=\"fading\" data-ll-item-delay=\"200\"> \n\n\t\t\t\t\t\n\t\t\t\t\t<div class=\"quickfinder-item-info-wrapper\"> \n\t\t\t\t\t\t<div class=\"quickfinder-item-info lazy-loading-item\" data-ll-effect=\"fading\" data-ll-item-delay=\"200\">\n\t\n\t\t<h4 class=\"quickfinder-title title-h4 bold\">\n\t\t\tPUNTA &amp; PROJEKS\u0130YON KAYNAK\t\t<\/h4>\n\t\n\t\n\t\t<div class=\"quickfinder-description gem-text-output\">\n\t\t\t<p>Entra, gerekti\u011finde saplama veya per\u00e7in istasyonlar\u0131 uygular.<\/p>\t\t<\/div>\n\t\n\t<\/div>\t\t\t\t\t<\/div>\n\n\t\t\t\t\t\t<a href=\"https:\/\/entrarobot.com.tr\/tr\/punta-projeksiyon-kaynak\/\" class=\"quickfinder-item-link\"><\/a>\n\n\t\t\t\t<\/div>\n\n\t\t\t\t\t<\/div>\n\t<\/div>\n\t\t\t\t<\/div>\n\t\t\t\t<\/div>\n\t\t\t\t\t<\/div>\n\t\t<\/div>\n\t\t\t\t<div class=\"elementor-column elementor-col-20 elementor-inner-column elementor-element elementor-element-ed82afb elementor-invisible\" data-id=\"ed82afb\" data-element_type=\"column\" data-settings=\"{&quot;animation&quot;:&quot;fadeInUp&quot;}\">\n\t\t\t<div class=\"elementor-widget-wrap elementor-element-populated\">\n\t\t\t\t\t\t<div class=\"elementor-element elementor-element-03bb72e flex-horizontal-align-default flex-horizontal-align-tablet-default flex-horizontal-align-mobile-default flex-vertical-align-default flex-vertical-align-tablet-default flex-vertical-align-mobile-default elementor-widget elementor-widget-image\" data-id=\"03bb72e\" data-element_type=\"widget\" data-widget_type=\"image.default\">\n\t\t\t\t<div class=\"elementor-widget-container\">\n\t\t\t\t\t\t\t\t\t\t\t\t\t\t\t<img width=\"1024\" height=\"1024\" src=\"https:\/\/entrarobot.com.tr\/wp-content\/uploads\/2022\/06\/painting-1024x1024.png\" class=\"attachment-large size-large wp-image-2978\" alt=\"\" srcset=\"https:\/\/entrarobot.com.tr\/wp-content\/uploads\/2022\/06\/painting-1024x1024.png 1024w, https:\/\/entrarobot.com.tr\/wp-content\/uploads\/2022\/06\/painting-300x300.png 300w, https:\/\/entrarobot.com.tr\/wp-content\/uploads\/2022\/06\/painting-150x150.png 150w, https:\/\/entrarobot.com.tr\/wp-content\/uploads\/2022\/06\/painting-768x768.png 768w, https:\/\/entrarobot.com.tr\/wp-content\/uploads\/2022\/06\/painting-256x256.png 256w, https:\/\/entrarobot.com.tr\/wp-content\/uploads\/2022\/06\/painting.png 1080w\" sizes=\"(max-width: 1024px) 100vw, 1024px\" \/>\t\t\t\t\t\t\t\t\t\t\t\t\t\t\t<\/div>\n\t\t\t\t<\/div>\n\t\t\t\t<div class=\"elementor-element elementor-element-80b211e flex-horizontal-align-default flex-horizontal-align-tablet-default flex-horizontal-align-mobile-default flex-vertical-align-default flex-vertical-align-tablet-default flex-vertical-align-mobile-default elementor-widget elementor-widget-thegem-quickfinders\" data-id=\"80b211e\" data-element_type=\"widget\" data-settings=\"{&quot;thegem_elementor_preset&quot;:&quot;grid-basic-centered&quot;}\" data-widget_type=\"thegem-quickfinders.default\">\n\t\t\t\t<div class=\"elementor-widget-container\">\n\t\t\t\t\t\n<div class=\"quickfinder row inline-row quickfinder-style-grid-basic-centered\">\n\t\t\t<div class=\"lazy-loading  quickfinder-item inline-column col-md-12 col-sm-6 col-xs-12 no-gap\">\n\n\t\t\t\n\t\t\t\t<div class=\"quickfinder-item-inner icon-top icon-wrapping-none centered-box button-bottom lazy-loading-item\" data-ll-effect=\"fading\" data-ll-item-delay=\"200\"> \n\n\t\t\t\t\t\n\t\t\t\t\t<div class=\"quickfinder-item-info-wrapper\"> \n\t\t\t\t\t\t<div class=\"quickfinder-item-info lazy-loading-item\" data-ll-effect=\"fading\" data-ll-item-delay=\"200\">\n\t\n\t\t<h4 class=\"quickfinder-title title-h4 bold\">\n\t\t\tBOYAMA\t\t<\/h4>\n\t\n\t\n\t\t<div class=\"quickfinder-description gem-text-output\">\n\t\t\t<p>Entra ayr\u0131ca cam, s\u0131zd\u0131rmazl\u0131k ve yap\u0131\u015ft\u0131rma sistemleride geli\u015ftirir.<\/p>\t\t<\/div>\n\t\n\t<\/div>\t\t\t\t\t<\/div>\n\n\t\t\t\t\t\t<a href=\"https:\/\/entrarobot.com.tr\/tr\/boya-uygulamalari\/\" class=\"quickfinder-item-link\"><\/a>\n\n\t\t\t\t<\/div>\n\n\t\t\t\t\t<\/div>\n\t<\/div>\n\t\t\t\t<\/div>\n\t\t\t\t<\/div>\n\t\t\t\t\t<\/div>\n\t\t<\/div>\n\t\t\t\t<div class=\"elementor-column elementor-col-20 elementor-inner-column elementor-element elementor-element-efc97e7 elementor-invisible\" data-id=\"efc97e7\" data-element_type=\"column\" data-settings=\"{&quot;animation&quot;:&quot;fadeInRight&quot;,&quot;animation_mobile&quot;:&quot;fadeInUp&quot;}\">\n\t\t\t<div class=\"elementor-widget-wrap elementor-element-populated\">\n\t\t\t\t\t\t<div class=\"elementor-element elementor-element-2f96c65 flex-horizontal-align-default flex-horizontal-align-tablet-default flex-horizontal-align-mobile-default flex-vertical-align-default flex-vertical-align-tablet-default flex-vertical-align-mobile-default elementor-widget elementor-widget-image\" data-id=\"2f96c65\" data-element_type=\"widget\" data-widget_type=\"image.default\">\n\t\t\t\t<div class=\"elementor-widget-container\">\n\t\t\t\t\t\t\t\t\t\t\t\t\t\t\t<img width=\"1024\" height=\"1024\" src=\"https:\/\/entrarobot.com.tr\/wp-content\/uploads\/2022\/06\/handling-1024x1024.png\" class=\"attachment-large size-large wp-image-2977\" alt=\"\" srcset=\"https:\/\/entrarobot.com.tr\/wp-content\/uploads\/2022\/06\/handling-1024x1024.png 1024w, https:\/\/entrarobot.com.tr\/wp-content\/uploads\/2022\/06\/handling-300x300.png 300w, https:\/\/entrarobot.com.tr\/wp-content\/uploads\/2022\/06\/handling-150x150.png 150w, https:\/\/entrarobot.com.tr\/wp-content\/uploads\/2022\/06\/handling-768x768.png 768w, https:\/\/entrarobot.com.tr\/wp-content\/uploads\/2022\/06\/handling-256x256.png 256w, https:\/\/entrarobot.com.tr\/wp-content\/uploads\/2022\/06\/handling.png 1080w\" sizes=\"(max-width: 1024px) 100vw, 1024px\" \/>\t\t\t\t\t\t\t\t\t\t\t\t\t\t\t<\/div>\n\t\t\t\t<\/div>\n\t\t\t\t<div class=\"elementor-element elementor-element-1acc233 flex-horizontal-align-default flex-horizontal-align-tablet-default flex-horizontal-align-mobile-default flex-vertical-align-default flex-vertical-align-tablet-default flex-vertical-align-mobile-default elementor-widget elementor-widget-thegem-quickfinders\" data-id=\"1acc233\" data-element_type=\"widget\" data-settings=\"{&quot;thegem_elementor_preset&quot;:&quot;grid-basic-centered&quot;}\" data-widget_type=\"thegem-quickfinders.default\">\n\t\t\t\t<div class=\"elementor-widget-container\">\n\t\t\t\t\t\n<div class=\"quickfinder row inline-row quickfinder-style-grid-basic-centered\">\n\t\t\t<div class=\"lazy-loading  quickfinder-item inline-column col-md-12 col-sm-6 col-xs-12 no-gap\">\n\n\t\t\t\n\t\t\t\t<div class=\"quickfinder-item-inner icon-top icon-wrapping-none centered-box button-bottom lazy-loading-item\" data-ll-effect=\"fading\" data-ll-item-delay=\"200\"> \n\n\t\t\t\t\t\n\t\t\t\t\t<div class=\"quickfinder-item-info-wrapper\"> \n\t\t\t\t\t\t<div class=\"quickfinder-item-info lazy-loading-item\" data-ll-effect=\"fading\" data-ll-item-delay=\"200\">\n\t\n\t\t<h4 class=\"quickfinder-title title-h4 bold\">\n\t\t\tTA\u015eIMA\t\t<\/h4>\n\t\n\t\n\t\t<div class=\"quickfinder-description gem-text-output\">\n\t\t\t<p>Entra, ba\u015far\u0131l\u0131 ta\u015f\u0131ma uygulamalar\u0131 i\u00e7in robot elleri ve \u00e7evre birimleri tasarlar.<\/p>\t\t<\/div>\n\t\n\t<\/div>\t\t\t\t\t<\/div>\n\n\t\t\t\t\t\t<a href=\"https:\/\/entrarobot.com.tr\/tr\/tasima\/\" class=\"quickfinder-item-link\"><\/a>\n\n\t\t\t\t<\/div>\n\n\t\t\t\t\t<\/div>\n\t<\/div>\n\t\t\t\t<\/div>\n\t\t\t\t<\/div>\n\t\t\t\t\t<\/div>\n\t\t<\/div>\n\t\t\t\t<div class=\"elementor-column elementor-col-20 elementor-inner-column elementor-element elementor-element-73065fd animated-slow elementor-invisible\" data-id=\"73065fd\" data-element_type=\"column\" data-settings=\"{&quot;animation&quot;:&quot;fadeInRight&quot;,&quot;animation_mobile&quot;:&quot;fadeInUp&quot;}\">\n\t\t\t<div class=\"elementor-widget-wrap elementor-element-populated\">\n\t\t\t\t\t\t<div class=\"elementor-element elementor-element-9f6e77e flex-horizontal-align-default flex-horizontal-align-tablet-default flex-horizontal-align-mobile-default flex-vertical-align-default flex-vertical-align-tablet-default flex-vertical-align-mobile-default elementor-widget elementor-widget-image\" data-id=\"9f6e77e\" data-element_type=\"widget\" data-widget_type=\"image.default\">\n\t\t\t\t<div class=\"elementor-widget-container\">\n\t\t\t\t\t\t\t\t\t\t\t\t\t\t\t<img width=\"1024\" height=\"1024\" src=\"https:\/\/entrarobot.com.tr\/wp-content\/uploads\/2022\/06\/palettizing-1024x1024.png\" class=\"attachment-large size-large wp-image-2979\" alt=\"\" srcset=\"https:\/\/entrarobot.com.tr\/wp-content\/uploads\/2022\/06\/palettizing-1024x1024.png 1024w, https:\/\/entrarobot.com.tr\/wp-content\/uploads\/2022\/06\/palettizing-300x300.png 300w, https:\/\/entrarobot.com.tr\/wp-content\/uploads\/2022\/06\/palettizing-150x150.png 150w, https:\/\/entrarobot.com.tr\/wp-content\/uploads\/2022\/06\/palettizing-768x768.png 768w, https:\/\/entrarobot.com.tr\/wp-content\/uploads\/2022\/06\/palettizing-256x256.png 256w, https:\/\/entrarobot.com.tr\/wp-content\/uploads\/2022\/06\/palettizing.png 1080w\" sizes=\"(max-width: 1024px) 100vw, 1024px\" \/>\t\t\t\t\t\t\t\t\t\t\t\t\t\t\t<\/div>\n\t\t\t\t<\/div>\n\t\t\t\t<div class=\"elementor-element elementor-element-04626ce flex-horizontal-align-default flex-horizontal-align-tablet-default flex-horizontal-align-mobile-default flex-vertical-align-default flex-vertical-align-tablet-default flex-vertical-align-mobile-default elementor-widget elementor-widget-thegem-quickfinders\" data-id=\"04626ce\" data-element_type=\"widget\" data-settings=\"{&quot;thegem_elementor_preset&quot;:&quot;grid-basic-centered&quot;}\" data-widget_type=\"thegem-quickfinders.default\">\n\t\t\t\t<div class=\"elementor-widget-container\">\n\t\t\t\t\t\n<div class=\"quickfinder row inline-row quickfinder-style-grid-basic-centered\">\n\t\t\t<div class=\"lazy-loading  quickfinder-item inline-column col-md-12 col-sm-6 col-xs-12 no-gap\">\n\n\t\t\t\n\t\t\t\t<div class=\"quickfinder-item-inner icon-top icon-wrapping-none centered-box button-bottom lazy-loading-item\" data-ll-effect=\"fading\" data-ll-item-delay=\"200\"> \n\n\t\t\t\t\t\n\t\t\t\t\t<div class=\"quickfinder-item-info-wrapper\"> \n\t\t\t\t\t\t<div class=\"quickfinder-item-info lazy-loading-item\" data-ll-effect=\"fading\" data-ll-item-delay=\"200\">\n\t\n\t\t<h4 class=\"quickfinder-title title-h4 bold\">\n\t\t\tPALETLEME\t\t<\/h4>\n\t\n\t\n\t\t<div class=\"quickfinder-description gem-text-output\">\n\t\t\t<p>Entra, g\u00f6r\u00fcnt\u00fc i\u015fleme ve\/veya barkod tan\u0131may\u0131 i\u00e7erebilen y\u00fcksek d\u00fczeyde \u00f6zelle\u015ftirilmi\u015f \u00e7\u00f6z\u00fcmler sunar.<\/p>\t\t<\/div>\n\t\n\t<\/div>\t\t\t\t\t<\/div>\n\n\t\t\t\t\t\t<a href=\"https:\/\/entrarobot.com.tr\/tr\/paletleme\/\" class=\"quickfinder-item-link\"><\/a>\n\n\t\t\t\t<\/div>\n\n\t\t\t\t\t<\/div>\n\t<\/div>\n\t\t\t\t<\/div>\n\t\t\t\t<\/div>\n\t\t\t\t\t<\/div>\n\t\t<\/div>\n\t\t\t\t\t<\/div><\/div>\r\n\t\t<\/section>\r\n\t\t\t\t\t<\/div>\n\t\t<\/div>\n\t\t\t\t\t<\/div><\/div>\r\n\t\t<\/section>\r\n\t\t\t\t<\/div>\n\t\t","protected":false},"excerpt":{"rendered":"<p>UYGULAMALAR ARK KAYNA\u011eI Entra, al\u00fcminyum, paslanmaz \u00e7elik ve ince saclar\u0131 kaynatmak i\u00e7in do\u011fru ekipman\u0131 se\u00e7er. PUNTA &amp; PROJEKS\u0130YON KAYNAK Entra,&#8230;<\/p>\n","protected":false},"author":1,"featured_media":0,"parent":0,"menu_order":5,"comment_status":"closed","ping_status":"closed","template":"page-fullwidth.php","meta":{"footnotes":""},"class_list":["post-3369","page","type-page","status-publish"],"_links":{"self":[{"href":"https:\/\/entrarobot.com.tr\/tr\/wp-json\/wp\/v2\/pages\/3369","targetHints":{"allow":["GET"]}}],"collection":[{"href":"https:\/\/entrarobot.com.tr\/tr\/wp-json\/wp\/v2\/pages"}],"about":[{"href":"https:\/\/entrarobot.com.tr\/tr\/wp-json\/wp\/v2\/types\/page"}],"author":[{"embeddable":true,"href":"https:\/\/entrarobot.com.tr\/tr\/wp-json\/wp\/v2\/users\/1"}],"replies":[{"embeddable":true,"href":"https:\/\/entrarobot.com.tr\/tr\/wp-json\/wp\/v2\/comments?post=3369"}],"version-history":[{"count":33,"href":"https:\/\/entrarobot.com.tr\/tr\/wp-json\/wp\/v2\/pages\/3369\/revisions"}],"predecessor-version":[{"id":34412,"href":"https:\/\/entrarobot.com.tr\/tr\/wp-json\/wp\/v2\/pages\/3369\/revisions\/34412"}],"wp:attachment":[{"href":"https:\/\/entrarobot.com.tr\/tr\/wp-json\/wp\/v2\/media?parent=3369"}],"curies":[{"name":"wp","href":"https:\/\/api.w.org\/{rel}","templated":true}]}}