{"id":4174,"date":"2022-07-26T14:50:34","date_gmt":"2022-07-26T11:50:34","guid":{"rendered":"https:\/\/entrarobot.com.tr\/spot-projection-welding\/"},"modified":"2023-03-31T12:44:36","modified_gmt":"2023-03-31T09:44:36","slug":"punta-projeksiyon-kaynak","status":"publish","type":"page","link":"https:\/\/entrarobot.com.tr\/tr\/punta-projeksiyon-kaynak\/","title":{"rendered":"Punta &#038; Projeksiyon Kaynak"},"content":{"rendered":"\t\t<div data-elementor-type=\"wp-page\" data-elementor-id=\"4174\" class=\"elementor elementor-4174\">\n\t\t\t\t\t\t<main class=\"elementor-section elementor-top-section elementor-element elementor-element-161da87 elementor-section-boxed elementor-section-height-default elementor-section-height-default\" data-id=\"161da87\" data-element_type=\"section\" data-settings=\"{&quot;background_background&quot;:&quot;classic&quot;}\">\r\n\t\t\t\t\t\t<div class=\"elementor-container elementor-column-gap-thegem\"><div class=\"elementor-row\">\r\n\t\t\t\t\t<div class=\"elementor-column elementor-col-100 elementor-top-column elementor-element elementor-element-f338d2c\" data-id=\"f338d2c\" data-element_type=\"column\">\n\t\t\t<div class=\"elementor-widget-wrap elementor-element-populated\">\n\t\t\t\t\t\t<section class=\"elementor-section elementor-inner-section elementor-element elementor-element-817ac63 elementor-section-full_width elementor-reverse-mobile elementor-section-height-default elementor-section-height-default\" data-id=\"817ac63\" data-element_type=\"section\">\r\n\t\t\t\t\t\t<div class=\"elementor-container elementor-column-gap-thegem\"><div class=\"elementor-row\">\r\n\t\t\t\t\t<div class=\"elementor-column elementor-col-100 elementor-inner-column elementor-element elementor-element-541217d\" data-id=\"541217d\" data-element_type=\"column\">\n\t\t\t<div class=\"elementor-widget-wrap elementor-element-populated\">\n\t\t\t\t\t\t<div class=\"elementor-element elementor-element-cac67e3 flex-horizontal-align-default flex-horizontal-align-tablet-default flex-horizontal-align-mobile-default flex-vertical-align-default flex-vertical-align-tablet-default flex-vertical-align-mobile-default elementor-invisible elementor-widget elementor-widget-thegem-quickfinders\" data-id=\"cac67e3\" data-element_type=\"widget\" data-settings=\"{&quot;thegem_elementor_preset&quot;:&quot;grid-basic-right-align&quot;,&quot;_animation&quot;:&quot;fadeInUp&quot;}\" data-widget_type=\"thegem-quickfinders.default\">\n\t\t\t\t<div class=\"elementor-widget-container\">\n\t\t\t\t\t\n<div class=\"quickfinder row inline-row quickfinder-style-grid-basic-right-align\">\n\t\t\t<div class=\"lazy-loading  quickfinder-item inline-column col-md-12 col-sm-6 col-xs-12\">\n\n\t\t\t\n\t\t\t\t<div class=\"quickfinder-item-inner icon-top icon-horizontal-right icon-wrapping-inline centered-box button-bottom lazy-loading-item\" data-ll-effect=\"fading\" data-ll-item-delay=\"200\"> \n\n\t\t\t\t\t\n\t\t\t\t\t<div class=\"quickfinder-item-info-wrapper\"> \n\t\t\t\t\t\t<div class=\"quickfinder-item-info lazy-loading-item\" data-ll-effect=\"fading\" data-ll-item-delay=\"200\">\n\t\n\t\t<h4 class=\"quickfinder-title title-h4 bold\">\n\t\t\tPUNTA &amp; PROJEKS\u0130YON KAYNAK\t\t<\/h4>\n\t\n\t\n\t\t<div class=\"quickfinder-description gem-text-output\">\n\t\t\t<p>Otomotiv end\u00fcstrisinde s\u0131kl\u0131kla kullan\u0131lan punta kayna\u011f\u0131, proses anlay\u0131\u015f\u0131n\u0131n yan\u0131 s\u0131ra iyi bir fikst\u00fcrleme kabiliyeti gerektirir. <\/p><p>Entra, ba\u015flang\u0131\u00e7tan itibaren sistem ve fikst\u00fcr tasar\u0131m\u0131, sim\u00fclasyon ve \u00e7evrim s\u00fcresi analizini otomotiv end\u00fcstrisinin beklentisine g\u00f6re ger\u00e7ekle\u015ftirecek ve b\u00f6ylece spot ve projeksiyon h\u00fccresi veya hatlar\u0131 sunar. <\/p><p>Entra, gerekti\u011finde saplama veya per\u00e7in istasyonlar\u0131 uygular.<\/p>\t\t<\/div>\n\t\n\t<\/div>\t\t\t\t\t<\/div>\n\n\t\t\t\t\t\n\t\t\t\t<\/div>\n\n\t\t\t\t\t<\/div>\n\t<\/div>\n\t\t\t\t<\/div>\n\t\t\t\t<\/div>\n\t\t\t\t\t<\/div>\n\t\t<\/div>\n\t\t\t\t\t<\/div><\/div>\r\n\t\t<\/section>\r\n\t\t\t\t\t<\/div>\n\t\t<\/div>\n\t\t\t\t\t<\/div><\/div>\r\n\t\t<\/main>\r\n\t\t\t\t<\/div>\n\t\t","protected":false},"excerpt":{"rendered":"<p>PUNTA &amp; PROJEKS\u0130YON KAYNAK Otomotiv end\u00fcstrisinde s\u0131kl\u0131kla kullan\u0131lan punta kayna\u011f\u0131, proses anlay\u0131\u015f\u0131n\u0131n yan\u0131 s\u0131ra iyi bir fikst\u00fcrleme kabiliyeti gerektirir. Entra,&#8230;<\/p>\n","protected":false},"author":1,"featured_media":0,"parent":0,"menu_order":21,"comment_status":"closed","ping_status":"closed","template":"page-fullwidth.php","meta":{"footnotes":""},"class_list":["post-4174","page","type-page","status-publish"],"_links":{"self":[{"href":"https:\/\/entrarobot.com.tr\/tr\/wp-json\/wp\/v2\/pages\/4174","targetHints":{"allow":["GET"]}}],"collection":[{"href":"https:\/\/entrarobot.com.tr\/tr\/wp-json\/wp\/v2\/pages"}],"about":[{"href":"https:\/\/entrarobot.com.tr\/tr\/wp-json\/wp\/v2\/types\/page"}],"author":[{"embeddable":true,"href":"https:\/\/entrarobot.com.tr\/tr\/wp-json\/wp\/v2\/users\/1"}],"replies":[{"embeddable":true,"href":"https:\/\/entrarobot.com.tr\/tr\/wp-json\/wp\/v2\/comments?post=4174"}],"version-history":[{"count":14,"href":"https:\/\/entrarobot.com.tr\/tr\/wp-json\/wp\/v2\/pages\/4174\/revisions"}],"predecessor-version":[{"id":7397,"href":"https:\/\/entrarobot.com.tr\/tr\/wp-json\/wp\/v2\/pages\/4174\/revisions\/7397"}],"wp:attachment":[{"href":"https:\/\/entrarobot.com.tr\/tr\/wp-json\/wp\/v2\/media?parent=4174"}],"curies":[{"name":"wp","href":"https:\/\/api.w.org\/{rel}","templated":true}]}}