{"id":4177,"date":"2022-07-26T14:54:28","date_gmt":"2022-07-26T11:54:28","guid":{"rendered":"https:\/\/entrarobot.com.tr\/palettizing\/"},"modified":"2023-03-31T12:44:49","modified_gmt":"2023-03-31T09:44:49","slug":"paletleme","status":"publish","type":"page","link":"https:\/\/entrarobot.com.tr\/tr\/paletleme\/","title":{"rendered":"Paletleme"},"content":{"rendered":"\t\t<div data-elementor-type=\"wp-page\" data-elementor-id=\"4177\" class=\"elementor elementor-4177\">\n\t\t\t\t\t\t<main class=\"elementor-section elementor-top-section elementor-element elementor-element-161da87 elementor-section-boxed elementor-section-height-default elementor-section-height-default\" data-id=\"161da87\" data-element_type=\"section\" data-settings=\"{&quot;background_background&quot;:&quot;classic&quot;}\">\r\n\t\t\t\t\t\t<div class=\"elementor-container elementor-column-gap-thegem\"><div class=\"elementor-row\">\r\n\t\t\t\t\t<div class=\"elementor-column elementor-col-100 elementor-top-column elementor-element elementor-element-f338d2c\" data-id=\"f338d2c\" data-element_type=\"column\">\n\t\t\t<div class=\"elementor-widget-wrap elementor-element-populated\">\n\t\t\t\t\t\t<section class=\"elementor-section elementor-inner-section elementor-element elementor-element-66b2ecd elementor-section-full_width elementor-section-height-default elementor-section-height-default\" data-id=\"66b2ecd\" data-element_type=\"section\">\r\n\t\t\t\t\t\t<div class=\"elementor-container elementor-column-gap-thegem\"><div class=\"elementor-row\">\r\n\t\t\t\t\t<div class=\"elementor-column elementor-col-100 elementor-inner-column elementor-element elementor-element-e3c5fd9\" data-id=\"e3c5fd9\" data-element_type=\"column\">\n\t\t\t<div class=\"elementor-widget-wrap elementor-element-populated\">\n\t\t\t\t\t\t<div class=\"elementor-element elementor-element-13964c2 flex-horizontal-align-default flex-horizontal-align-tablet-default flex-horizontal-align-mobile-default flex-vertical-align-default flex-vertical-align-tablet-default flex-vertical-align-mobile-default elementor-invisible elementor-widget elementor-widget-thegem-quickfinders\" data-id=\"13964c2\" data-element_type=\"widget\" data-settings=\"{&quot;thegem_elementor_preset&quot;:&quot;grid-basic-right-align&quot;,&quot;_animation&quot;:&quot;fadeInUp&quot;}\" data-widget_type=\"thegem-quickfinders.default\">\n\t\t\t\t<div class=\"elementor-widget-container\">\n\t\t\t\t\t\n<div class=\"quickfinder row inline-row quickfinder-style-grid-basic-right-align\">\n\t\t\t<div class=\"lazy-loading  quickfinder-item inline-column col-md-12 col-sm-6 col-xs-12\">\n\n\t\t\t\n\t\t\t\t<div class=\"quickfinder-item-inner icon-top icon-horizontal-right icon-wrapping-inline centered-box button-bottom lazy-loading-item\" data-ll-effect=\"fading\" data-ll-item-delay=\"200\"> \n\n\t\t\t\t\t\n\t\t\t\t\t<div class=\"quickfinder-item-info-wrapper\"> \n\t\t\t\t\t\t<div class=\"quickfinder-item-info lazy-loading-item\" data-ll-effect=\"fading\" data-ll-item-delay=\"200\">\n\t\n\t\t<h4 class=\"quickfinder-title title-h4 bold\">\n\t\t\tPALETLEME\t\t<\/h4>\n\t\n\t\n\t\t<div class=\"quickfinder-description gem-text-output\">\n\t\t\t<p>Paletleme, bir nakliye kamyonuna y\u00fcklenmeden \u00f6nce montaj hatt\u0131ndaki son ad\u0131m olarak kutular\u0131n, torbalar\u0131n, kasalar\u0131n, \u015fi\u015felerin ve kartonlar\u0131n paletler \u00fczerine istiflenmesinin zorlu bir uygulamas\u0131d\u0131r.<\/p><p>Palet kal\u0131b\u0131 esnekli\u011fi, tak\u0131m esnekli\u011fi ve d\u00f6ng\u00fc s\u00fcresi, g\u00fcn\u00fcm\u00fcz end\u00fcstrisinde otomatik paletlemenin \u00fc\u00e7 ana zorlu\u011fudur.<\/p><p>Entra, ta\u015f\u0131ma kapasitesi, kol eri\u015fimi, g\u00f6rev, \u00e7evrim s\u00fcresi ve zemin alan\u0131na ba\u011fl\u0131 olarak do\u011fru robotu se\u00e7er.<\/p><p>Entra, g\u00f6r\u00fcnt\u00fc i\u015fleme ve\/veya barkod tan\u0131may\u0131 i\u00e7erebilen y\u00fcksek d\u00fczeyde \u00f6zelle\u015ftirilmi\u015f \u00e7\u00f6z\u00fcmler sunar.<\/p>\t\t<\/div>\n\t\n\t<\/div>\t\t\t\t\t<\/div>\n\n\t\t\t\t\t\n\t\t\t\t<\/div>\n\n\t\t\t\t\t<\/div>\n\t<\/div>\n\t\t\t\t<\/div>\n\t\t\t\t<\/div>\n\t\t\t\t\t<\/div>\n\t\t<\/div>\n\t\t\t\t\t<\/div><\/div>\r\n\t\t<\/section>\r\n\t\t\t\t\t<\/div>\n\t\t<\/div>\n\t\t\t\t\t<\/div><\/div>\r\n\t\t<\/main>\r\n\t\t\t\t<\/div>\n\t\t","protected":false},"excerpt":{"rendered":"<p>PALETLEME Paletleme, bir nakliye kamyonuna y\u00fcklenmeden \u00f6nce montaj hatt\u0131ndaki son ad\u0131m olarak kutular\u0131n, torbalar\u0131n, kasalar\u0131n, \u015fi\u015felerin ve kartonlar\u0131n paletler \u00fczerine&#8230;<\/p>\n","protected":false},"author":1,"featured_media":0,"parent":0,"menu_order":28,"comment_status":"closed","ping_status":"closed","template":"page-fullwidth.php","meta":{"footnotes":""},"class_list":["post-4177","page","type-page","status-publish"],"_links":{"self":[{"href":"https:\/\/entrarobot.com.tr\/tr\/wp-json\/wp\/v2\/pages\/4177","targetHints":{"allow":["GET"]}}],"collection":[{"href":"https:\/\/entrarobot.com.tr\/tr\/wp-json\/wp\/v2\/pages"}],"about":[{"href":"https:\/\/entrarobot.com.tr\/tr\/wp-json\/wp\/v2\/types\/page"}],"author":[{"embeddable":true,"href":"https:\/\/entrarobot.com.tr\/tr\/wp-json\/wp\/v2\/users\/1"}],"replies":[{"embeddable":true,"href":"https:\/\/entrarobot.com.tr\/tr\/wp-json\/wp\/v2\/comments?post=4177"}],"version-history":[{"count":14,"href":"https:\/\/entrarobot.com.tr\/tr\/wp-json\/wp\/v2\/pages\/4177\/revisions"}],"predecessor-version":[{"id":7406,"href":"https:\/\/entrarobot.com.tr\/tr\/wp-json\/wp\/v2\/pages\/4177\/revisions\/7406"}],"wp:attachment":[{"href":"https:\/\/entrarobot.com.tr\/tr\/wp-json\/wp\/v2\/media?parent=4177"}],"curies":[{"name":"wp","href":"https:\/\/api.w.org\/{rel}","templated":true}]}}